{"id":4352,"date":"2022-11-14T16:10:20","date_gmt":"2022-11-14T14:10:20","guid":{"rendered":"https:\/\/civico65.it\/appartamenti\/"},"modified":"2023-08-30T08:32:08","modified_gmt":"2023-08-30T06:32:08","slug":"appartamenti","status":"publish","type":"page","link":"https:\/\/civico65.it\/de\/appartamenti\/","title":{"rendered":"Appartements"},"content":{"rendered":"\t\t<div data-elementor-type=\"wp-page\" data-elementor-id=\"4352\" class=\"elementor elementor-4352 elementor-2120\">\n\t\t\t\t\t\t<section class=\"elementor-section elementor-top-section elementor-element elementor-element-556760e elementor-section-full_width elementor-section-height-default elementor-section-height-default\" data-id=\"556760e\" data-element_type=\"section\" data-settings=\"{&quot;background_background&quot;:&quot;gradient&quot;}\">\n\t\t\t\t\t\t<div class=\"elementor-container elementor-column-gap-no\">\n\t\t\t\t\t<div class=\"elementor-column elementor-col-100 elementor-top-column elementor-element elementor-element-01454bb\" data-id=\"01454bb\" data-element_type=\"column\">\n\t\t\t<div class=\"elementor-widget-wrap elementor-element-populated\">\n\t\t\t\t\t\t<div class=\"elementor-element elementor-element-f27d761 elementor-widget elementor-widget-bh-rooms\" data-id=\"f27d761\" data-element_type=\"widget\" data-widget_type=\"bh-rooms.default\">\n\t\t\t\t<div class=\"elementor-widget-container\">\n\t\t\t<div class=\"bh-rooms-block row-fluid classic classic_odd_even\"><div class=\"span12\"><div class=\"bh-room textleft\"><figure class=\"bh-room-img\"><a href=\"https:\/\/civico65.it\/de\/room\/appartamento-03\/\" rel=\"bookmark\"><img fetchpriority=\"high\" decoding=\"async\" width=\"2353\" height=\"1765\" src=\"https:\/\/civico65.it\/wp-content\/uploads\/2022\/04\/civico65-9.jpg\" class=\"bh-parallax wp-post-image\" alt=\"\" data-bh-parallax-speed=\"0.7\" srcset=\"https:\/\/civico65.it\/wp-content\/uploads\/2022\/04\/civico65-9.jpg 2353w, https:\/\/civico65.it\/wp-content\/uploads\/2022\/04\/civico65-9-480x360.jpg 480w, https:\/\/civico65.it\/wp-content\/uploads\/2022\/04\/civico65-9-1536x1152.jpg 1536w, https:\/\/civico65.it\/wp-content\/uploads\/2022\/04\/civico65-9-2048x1536.jpg 2048w, https:\/\/civico65.it\/wp-content\/uploads\/2022\/04\/civico65-9-750x563.jpg 750w, https:\/\/civico65.it\/wp-content\/uploads\/2022\/04\/civico65-9-600x450.jpg 600w\" sizes=\"(max-width: 2353px) 100vw, 2353px\" \/><\/a><\/figure><div class=\"bh-room-content\"><h3 class=\"bh-room-price-description\">From <span class=\"woocommerce-Price-amount amount\"><bdi><span class=\"woocommerce-Price-currencySymbol\">&#36;<\/span>0.00<\/bdi><\/span> per night<\/h3><h2 class=\"bh-room-title\"><a href=\"https:\/\/civico65.it\/de\/room\/appartamento-03\/\" title=\"Appartement 03 \u2013 ERDGESCHOSS\" rel=\"bookmark\">Appartement 03 \u2013 ERDGESCHOSS<\/a><\/h2><div class=\"bh-room-number\"><span>01<\/span><\/div><p class=\"bh-room-description\">Ein einladender Privatgarten hei\u00dft Sie in diesem Loft mit essenziellen Linien willkommen....<\/p><div class=\"bh-room-meta\"><div class=\"bh-room-meta--guests\"><i class=\"icon-guest\"><\/i>6 G\u00c4STE<\/div><div class=\"bh-room-meta--view\"><i class=\"icon-ocean\"><\/i> ocean view<\/div><div class=\"bh-room-meta--square\"><i class=\"icon-square\"><\/i>78 m.q.<\/div><\/div><a class=\"button bh-room-button\" href=\"https:\/\/civico65.it\/de\/room\/appartamento-03\/\">Weitere Informationen<span><svg preserveAspectRatio=\"xMaxYMid meet\" width=\"16\" height=\"9\" viewBox=\"0 0 16 9\" fill=\"none\" xmlns=\"http:\/\/www.w3.org\/2000\/svg\">\r\n\t\t\t\t\t\t\t\t\t<rect y=\"3.8\" width=\"23\" height=\"1.4\" x=\"-10px\"><\/rect>\r\n\t\t\t\t\t\t\t\t\t<path d=\"M11.2422 0.300781L10.3633 1.19922L13.0391 3.875H0.5V5.125H13.0391L10.3633 7.80078L11.2422 8.69922L15.4414 4.5L11.2422 0.300781Z\" fill=\"white\"\/>\r\n\t\t\t\t\t\t\t\t\t<\/svg><\/span><\/a><\/div><\/div><\/div><div class=\"span12\"><div class=\"bh-room textleft\"><figure class=\"bh-room-img\"><a href=\"https:\/\/civico65.it\/de\/room\/appartamento-1719\/\" rel=\"bookmark\"><img decoding=\"async\" width=\"1920\" height=\"1439\" src=\"https:\/\/civico65.it\/wp-content\/uploads\/2022\/04\/civico65-45.jpg\" class=\"bh-parallax wp-post-image\" alt=\"\" data-bh-parallax-speed=\"0.7\" srcset=\"https:\/\/civico65.it\/wp-content\/uploads\/2022\/04\/civico65-45.jpg 1920w, https:\/\/civico65.it\/wp-content\/uploads\/2022\/04\/civico65-45-480x360.jpg 480w, https:\/\/civico65.it\/wp-content\/uploads\/2022\/04\/civico65-45-1536x1151.jpg 1536w, https:\/\/civico65.it\/wp-content\/uploads\/2022\/04\/civico65-45-750x562.jpg 750w, https:\/\/civico65.it\/wp-content\/uploads\/2022\/04\/civico65-45-600x450.jpg 600w\" sizes=\"(max-width: 1920px) 100vw, 1920px\" \/><\/a><\/figure><div class=\"bh-room-content\"><h3 class=\"bh-room-price-description\">From <span class=\"woocommerce-Price-amount amount\"><bdi><span class=\"woocommerce-Price-currencySymbol\">&#36;<\/span>10.00<\/bdi><\/span> per night<\/h3><h2 class=\"bh-room-title\"><a href=\"https:\/\/civico65.it\/de\/room\/appartamento-1719\/\" title=\"Appartement 1719 \u2013 ERSTER STOCK\" rel=\"bookmark\">Appartement 1719 \u2013 ERSTER STOCK<\/a><\/h2><div class=\"bh-room-number\"><span>02<\/span><\/div><p class=\"bh-room-description\">Ein weitl\u00e4ufiges Appartement mit Glasbalkon und Schlafcouch: die ideale L\u00f6sung f\u00fcr Ihren Urlaub im Trentino....<\/p><div class=\"bh-room-meta\"><div class=\"bh-room-meta--guests\"><i class=\"icon-guest\"><\/i>4 G\u00c4STE<\/div><div class=\"bh-room-meta--view\"><i class=\"icon-ocean\"><\/i> ocean view<\/div><div class=\"bh-room-meta--square\"><i class=\"icon-square\"><\/i>68 m.q.<\/div><\/div><a class=\"button bh-room-button\" href=\"https:\/\/civico65.it\/de\/room\/appartamento-1719\/\">Weitere Informationen<span><svg preserveAspectRatio=\"xMaxYMid meet\" width=\"16\" height=\"9\" viewBox=\"0 0 16 9\" fill=\"none\" xmlns=\"http:\/\/www.w3.org\/2000\/svg\">\r\n\t\t\t\t\t\t\t\t\t<rect y=\"3.8\" width=\"23\" height=\"1.4\" x=\"-10px\"><\/rect>\r\n\t\t\t\t\t\t\t\t\t<path d=\"M11.2422 0.300781L10.3633 1.19922L13.0391 3.875H0.5V5.125H13.0391L10.3633 7.80078L11.2422 8.69922L15.4414 4.5L11.2422 0.300781Z\" fill=\"white\"\/>\r\n\t\t\t\t\t\t\t\t\t<\/svg><\/span><\/a><\/div><\/div><\/div><div class=\"span12\"><div class=\"bh-room textleft\"><figure class=\"bh-room-img\"><a href=\"https:\/\/civico65.it\/de\/room\/appartamento-23\/\" rel=\"bookmark\"><img decoding=\"async\" width=\"2357\" height=\"1767\" src=\"https:\/\/civico65.it\/wp-content\/uploads\/2022\/04\/civico65-18-1.jpg\" class=\"bh-parallax wp-post-image\" alt=\"\" data-bh-parallax-speed=\"0.7\" srcset=\"https:\/\/civico65.it\/wp-content\/uploads\/2022\/04\/civico65-18-1.jpg 2357w, https:\/\/civico65.it\/wp-content\/uploads\/2022\/04\/civico65-18-1-480x360.jpg 480w, https:\/\/civico65.it\/wp-content\/uploads\/2022\/04\/civico65-18-1-1536x1152.jpg 1536w, https:\/\/civico65.it\/wp-content\/uploads\/2022\/04\/civico65-18-1-2048x1535.jpg 2048w, https:\/\/civico65.it\/wp-content\/uploads\/2022\/04\/civico65-18-1-750x562.jpg 750w, https:\/\/civico65.it\/wp-content\/uploads\/2022\/04\/civico65-18-1-600x450.jpg 600w\" sizes=\"(max-width: 2357px) 100vw, 2357px\" \/><\/a><\/figure><div class=\"bh-room-content\"><h3 class=\"bh-room-price-description\">From <span class=\"woocommerce-Price-amount amount\"><bdi><span class=\"woocommerce-Price-currencySymbol\">&#36;<\/span>0.00<\/bdi><\/span> per night<\/h3><h2 class=\"bh-room-title\"><a href=\"https:\/\/civico65.it\/de\/room\/appartamento-23\/\" title=\"Appartement 23 \u2013 PENTHOUSE\" rel=\"bookmark\">Appartement 23 \u2013 PENTHOUSE<\/a><\/h2><div class=\"bh-room-number\"><span>03<\/span><\/div><p class=\"bh-room-description\">Mit seiner riesigen Panoramaterrasse ist das Penthouse von Civico 65 das Appartement, von dem Sie schon immer getr\u00e4umt haben, um Ihren Urlaub am Gardasee zu...<\/p><div class=\"bh-room-meta\"><div class=\"bh-room-meta--guests\"><i class=\"icon-guest\"><\/i>6 G\u00c4STE<\/div><div class=\"bh-room-meta--view\"><i class=\"icon-ocean\"><\/i> ocean view<\/div><div class=\"bh-room-meta--square\"><i class=\"icon-square\"><\/i>97 m.q.<\/div><\/div><a class=\"button bh-room-button\" href=\"https:\/\/civico65.it\/de\/room\/appartamento-23\/\">Weitere Informationen<span><svg preserveAspectRatio=\"xMaxYMid meet\" width=\"16\" height=\"9\" viewBox=\"0 0 16 9\" fill=\"none\" xmlns=\"http:\/\/www.w3.org\/2000\/svg\">\r\n\t\t\t\t\t\t\t\t\t<rect y=\"3.8\" width=\"23\" height=\"1.4\" x=\"-10px\"><\/rect>\r\n\t\t\t\t\t\t\t\t\t<path d=\"M11.2422 0.300781L10.3633 1.19922L13.0391 3.875H0.5V5.125H13.0391L10.3633 7.80078L11.2422 8.69922L15.4414 4.5L11.2422 0.300781Z\" fill=\"white\"\/>\r\n\t\t\t\t\t\t\t\t\t<\/svg><\/span><\/a><\/div><\/div><\/div><\/div><div class=\"bht_rooms_pagination\"><\/div>\t\t<\/div>\n\t\t\t\t<\/div>\n\t\t\t\t\t<\/div>\n\t\t<\/div>\n\t\t\t\t\t<\/div>\n\t\t<\/section>\n\t\t\t\t<section class=\"elementor-section elementor-top-section elementor-element elementor-element-e51dcc5 elementor-section-boxed elementor-section-height-default elementor-section-height-default\" data-id=\"e51dcc5\" data-element_type=\"section\">\n\t\t\t\t\t\t<div class=\"elementor-container elementor-column-gap-no\">\n\t\t\t\t\t<div class=\"elementor-column elementor-col-100 elementor-top-column elementor-element elementor-element-f3190e4\" data-id=\"f3190e4\" data-element_type=\"column\">\n\t\t\t<div class=\"elementor-widget-wrap elementor-element-populated\">\n\t\t\t\t\t\t<div class=\"elementor-element elementor-element-d934059 elementor-widget-divider--view-line elementor-widget elementor-widget-divider\" data-id=\"d934059\" data-element_type=\"widget\" data-widget_type=\"divider.default\">\n\t\t\t\t<div class=\"elementor-widget-container\">\n\t\t\t<style>\/*! elementor - v3.21.0 - 15-04-2024 *\/\n.elementor-widget-divider{--divider-border-style:none;--divider-border-width:1px;--divider-color:#0c0d0e;--divider-icon-size:20px;--divider-element-spacing:10px;--divider-pattern-height:24px;--divider-pattern-size:20px;--divider-pattern-url:none;--divider-pattern-repeat:repeat-x}.elementor-widget-divider .elementor-divider{display:flex}.elementor-widget-divider .elementor-divider__text{font-size:15px;line-height:1;max-width:95%}.elementor-widget-divider .elementor-divider__element{margin:0 var(--divider-element-spacing);flex-shrink:0}.elementor-widget-divider .elementor-icon{font-size:var(--divider-icon-size)}.elementor-widget-divider .elementor-divider-separator{display:flex;margin:0;direction:ltr}.elementor-widget-divider--view-line_icon .elementor-divider-separator,.elementor-widget-divider--view-line_text .elementor-divider-separator{align-items:center}.elementor-widget-divider--view-line_icon .elementor-divider-separator:after,.elementor-widget-divider--view-line_icon .elementor-divider-separator:before,.elementor-widget-divider--view-line_text .elementor-divider-separator:after,.elementor-widget-divider--view-line_text .elementor-divider-separator:before{display:block;content:\"\";border-block-end:0;flex-grow:1;border-block-start:var(--divider-border-width) var(--divider-border-style) var(--divider-color)}.elementor-widget-divider--element-align-left .elementor-divider .elementor-divider-separator>.elementor-divider__svg:first-of-type{flex-grow:0;flex-shrink:100}.elementor-widget-divider--element-align-left .elementor-divider-separator:before{content:none}.elementor-widget-divider--element-align-left .elementor-divider__element{margin-left:0}.elementor-widget-divider--element-align-right .elementor-divider .elementor-divider-separator>.elementor-divider__svg:last-of-type{flex-grow:0;flex-shrink:100}.elementor-widget-divider--element-align-right .elementor-divider-separator:after{content:none}.elementor-widget-divider--element-align-right .elementor-divider__element{margin-right:0}.elementor-widget-divider--element-align-start .elementor-divider .elementor-divider-separator>.elementor-divider__svg:first-of-type{flex-grow:0;flex-shrink:100}.elementor-widget-divider--element-align-start .elementor-divider-separator:before{content:none}.elementor-widget-divider--element-align-start .elementor-divider__element{margin-inline-start:0}.elementor-widget-divider--element-align-end .elementor-divider .elementor-divider-separator>.elementor-divider__svg:last-of-type{flex-grow:0;flex-shrink:100}.elementor-widget-divider--element-align-end .elementor-divider-separator:after{content:none}.elementor-widget-divider--element-align-end .elementor-divider__element{margin-inline-end:0}.elementor-widget-divider:not(.elementor-widget-divider--view-line_text):not(.elementor-widget-divider--view-line_icon) .elementor-divider-separator{border-block-start:var(--divider-border-width) var(--divider-border-style) var(--divider-color)}.elementor-widget-divider--separator-type-pattern{--divider-border-style:none}.elementor-widget-divider--separator-type-pattern.elementor-widget-divider--view-line .elementor-divider-separator,.elementor-widget-divider--separator-type-pattern:not(.elementor-widget-divider--view-line) .elementor-divider-separator:after,.elementor-widget-divider--separator-type-pattern:not(.elementor-widget-divider--view-line) .elementor-divider-separator:before,.elementor-widget-divider--separator-type-pattern:not([class*=elementor-widget-divider--view]) .elementor-divider-separator{width:100%;min-height:var(--divider-pattern-height);-webkit-mask-size:var(--divider-pattern-size) 100%;mask-size:var(--divider-pattern-size) 100%;-webkit-mask-repeat:var(--divider-pattern-repeat);mask-repeat:var(--divider-pattern-repeat);background-color:var(--divider-color);-webkit-mask-image:var(--divider-pattern-url);mask-image:var(--divider-pattern-url)}.elementor-widget-divider--no-spacing{--divider-pattern-size:auto}.elementor-widget-divider--bg-round{--divider-pattern-repeat:round}.rtl .elementor-widget-divider .elementor-divider__text{direction:rtl}.e-con-inner>.elementor-widget-divider,.e-con>.elementor-widget-divider{width:var(--container-widget-width,100%);--flex-grow:var(--container-widget-flex-grow)}<\/style>\t\t<div class=\"elementor-divider\">\n\t\t\t<span class=\"elementor-divider-separator\">\n\t\t\t\t\t\t<\/span>\n\t\t<\/div>\n\t\t\t\t<\/div>\n\t\t\t\t<\/div>\n\t\t\t\t\t<\/div>\n\t\t<\/div>\n\t\t\t\t\t<\/div>\n\t\t<\/section>\n\t\t\t\t<\/div>\n\t\t","protected":false},"excerpt":{"rendered":"<p>From &#36;0.00 per night Appartamento 03 &#8211; PIANO TERRA 01 Un accogliente giardino privato ti d\u00e0 il benvenuto in questo loft dalle linee essenziali.<\/p>\n","protected":false},"author":1,"featured_media":0,"parent":0,"menu_order":0,"comment_status":"closed","ping_status":"closed","template":"","meta":{"footnotes":""},"class_list":["post-4352","page","type-page","status-publish","hentry"],"yoast_head":"<!-- This site is optimized with the Yoast SEO plugin v26.8 - https:\/\/yoast.com\/product\/yoast-seo-wordpress\/ -->\n<title>Appartements - CIVICO 65<\/title>\n<meta name=\"robots\" content=\"index, follow, max-snippet:-1, max-image-preview:large, max-video-preview:-1\" \/>\n<link rel=\"canonical\" href=\"https:\/\/civico65.it\/appartamenti\/\" \/>\n<meta property=\"og:locale\" content=\"de_DE\" \/>\n<meta property=\"og:type\" content=\"article\" \/>\n<meta property=\"og:title\" content=\"Appartements - CIVICO 65\" \/>\n<meta property=\"og:description\" content=\"From &#036;0.00 per night Appartamento 03 &#8211; PIANO TERRA 01 Un accogliente giardino privato ti d\u00e0 il benvenuto in questo loft dalle linee essenziali.\" \/>\n<meta property=\"og:url\" content=\"https:\/\/civico65.it\/appartamenti\/\" \/>\n<meta property=\"og:site_name\" content=\"CIVICO 65\" \/>\n<meta property=\"article:modified_time\" content=\"2023-08-30T06:32:08+00:00\" \/>\n<meta property=\"og:image\" content=\"https:\/\/civico65.it\/wp-content\/uploads\/2022\/04\/civico65-9.jpg\" \/>\n<meta name=\"twitter:card\" content=\"summary_large_image\" \/>\n<meta name=\"twitter:label1\" content=\"Gesch\u00e4tzte Lesezeit\" \/>\n\t<meta name=\"twitter:data1\" content=\"2\u00a0Minuten\" \/>\n<script type=\"application\/ld+json\" class=\"yoast-schema-graph\">{\"@context\":\"https:\/\/schema.org\",\"@graph\":[{\"@type\":\"WebPage\",\"@id\":\"https:\/\/civico65.it\/appartamenti\/\",\"url\":\"https:\/\/civico65.it\/appartamenti\/\",\"name\":\"Appartements - CIVICO 65\",\"isPartOf\":{\"@id\":\"https:\/\/civico65.it\/#website\"},\"primaryImageOfPage\":{\"@id\":\"https:\/\/civico65.it\/appartamenti\/#primaryimage\"},\"image\":{\"@id\":\"https:\/\/civico65.it\/appartamenti\/#primaryimage\"},\"thumbnailUrl\":\"https:\/\/civico65.it\/wp-content\/uploads\/2022\/04\/civico65-9.jpg\",\"datePublished\":\"2022-11-14T14:10:20+00:00\",\"dateModified\":\"2023-08-30T06:32:08+00:00\",\"breadcrumb\":{\"@id\":\"https:\/\/civico65.it\/appartamenti\/#breadcrumb\"},\"inLanguage\":\"de\",\"potentialAction\":[{\"@type\":\"ReadAction\",\"target\":[\"https:\/\/civico65.it\/appartamenti\/\"]}]},{\"@type\":\"ImageObject\",\"inLanguage\":\"de\",\"@id\":\"https:\/\/civico65.it\/appartamenti\/#primaryimage\",\"url\":\"https:\/\/civico65.it\/wp-content\/uploads\/2022\/04\/civico65-9.jpg\",\"contentUrl\":\"https:\/\/civico65.it\/wp-content\/uploads\/2022\/04\/civico65-9.jpg\"},{\"@type\":\"BreadcrumbList\",\"@id\":\"https:\/\/civico65.it\/appartamenti\/#breadcrumb\",\"itemListElement\":[{\"@type\":\"ListItem\",\"position\":1,\"name\":\"Home\",\"item\":\"https:\/\/civico65.it\/\"},{\"@type\":\"ListItem\",\"position\":2,\"name\":\"Appartements\"}]},{\"@type\":\"WebSite\",\"@id\":\"https:\/\/civico65.it\/#website\",\"url\":\"https:\/\/civico65.it\/\",\"name\":\"Appartamenti CIVICO 65\",\"description\":\"Apartments &amp; holiday homes\",\"potentialAction\":[{\"@type\":\"SearchAction\",\"target\":{\"@type\":\"EntryPoint\",\"urlTemplate\":\"https:\/\/civico65.it\/?s={search_term_string}\"},\"query-input\":{\"@type\":\"PropertyValueSpecification\",\"valueRequired\":true,\"valueName\":\"search_term_string\"}}],\"inLanguage\":\"de\"}]}<\/script>\n<!-- \/ Yoast SEO plugin. -->","yoast_head_json":{"title":"Appartements - CIVICO 65","robots":{"index":"index","follow":"follow","max-snippet":"max-snippet:-1","max-image-preview":"max-image-preview:large","max-video-preview":"max-video-preview:-1"},"canonical":"https:\/\/civico65.it\/appartamenti\/","og_locale":"de_DE","og_type":"article","og_title":"Appartements - CIVICO 65","og_description":"From &#36;0.00 per night Appartamento 03 &#8211; PIANO TERRA 01 Un accogliente giardino privato ti d\u00e0 il benvenuto in questo loft dalle linee essenziali.","og_url":"https:\/\/civico65.it\/appartamenti\/","og_site_name":"CIVICO 65","article_modified_time":"2023-08-30T06:32:08+00:00","og_image":[{"url":"https:\/\/civico65.it\/wp-content\/uploads\/2022\/04\/civico65-9.jpg","type":"","width":"","height":""}],"twitter_card":"summary_large_image","twitter_misc":{"Gesch\u00e4tzte Lesezeit":"2\u00a0Minuten"},"schema":{"@context":"https:\/\/schema.org","@graph":[{"@type":"WebPage","@id":"https:\/\/civico65.it\/appartamenti\/","url":"https:\/\/civico65.it\/appartamenti\/","name":"Appartements - CIVICO 65","isPartOf":{"@id":"https:\/\/civico65.it\/#website"},"primaryImageOfPage":{"@id":"https:\/\/civico65.it\/appartamenti\/#primaryimage"},"image":{"@id":"https:\/\/civico65.it\/appartamenti\/#primaryimage"},"thumbnailUrl":"https:\/\/civico65.it\/wp-content\/uploads\/2022\/04\/civico65-9.jpg","datePublished":"2022-11-14T14:10:20+00:00","dateModified":"2023-08-30T06:32:08+00:00","breadcrumb":{"@id":"https:\/\/civico65.it\/appartamenti\/#breadcrumb"},"inLanguage":"de","potentialAction":[{"@type":"ReadAction","target":["https:\/\/civico65.it\/appartamenti\/"]}]},{"@type":"ImageObject","inLanguage":"de","@id":"https:\/\/civico65.it\/appartamenti\/#primaryimage","url":"https:\/\/civico65.it\/wp-content\/uploads\/2022\/04\/civico65-9.jpg","contentUrl":"https:\/\/civico65.it\/wp-content\/uploads\/2022\/04\/civico65-9.jpg"},{"@type":"BreadcrumbList","@id":"https:\/\/civico65.it\/appartamenti\/#breadcrumb","itemListElement":[{"@type":"ListItem","position":1,"name":"Home","item":"https:\/\/civico65.it\/"},{"@type":"ListItem","position":2,"name":"Appartements"}]},{"@type":"WebSite","@id":"https:\/\/civico65.it\/#website","url":"https:\/\/civico65.it\/","name":"Appartamenti CIVICO 65","description":"Apartments &amp; holiday homes","potentialAction":[{"@type":"SearchAction","target":{"@type":"EntryPoint","urlTemplate":"https:\/\/civico65.it\/?s={search_term_string}"},"query-input":{"@type":"PropertyValueSpecification","valueRequired":true,"valueName":"search_term_string"}}],"inLanguage":"de"}]}},"_links":{"self":[{"href":"https:\/\/civico65.it\/de\/wp-json\/wp\/v2\/pages\/4352","targetHints":{"allow":["GET"]}}],"collection":[{"href":"https:\/\/civico65.it\/de\/wp-json\/wp\/v2\/pages"}],"about":[{"href":"https:\/\/civico65.it\/de\/wp-json\/wp\/v2\/types\/page"}],"author":[{"embeddable":true,"href":"https:\/\/civico65.it\/de\/wp-json\/wp\/v2\/users\/1"}],"replies":[{"embeddable":true,"href":"https:\/\/civico65.it\/de\/wp-json\/wp\/v2\/comments?post=4352"}],"version-history":[{"count":5,"href":"https:\/\/civico65.it\/de\/wp-json\/wp\/v2\/pages\/4352\/revisions"}],"predecessor-version":[{"id":4406,"href":"https:\/\/civico65.it\/de\/wp-json\/wp\/v2\/pages\/4352\/revisions\/4406"}],"wp:attachment":[{"href":"https:\/\/civico65.it\/de\/wp-json\/wp\/v2\/media?parent=4352"}],"curies":[{"name":"wp","href":"https:\/\/api.w.org\/{rel}","templated":true}]}}